{"id":3,"date":"2024-08-27T12:39:40","date_gmt":"2024-08-27T12:39:40","guid":{"rendered":"https:\/\/dolphinshowphuket.com\/?page_id=3"},"modified":"2024-10-25T02:12:51","modified_gmt":"2024-10-24T20:42:51","slug":"politica-de-privacidad","status":"publish","type":"page","link":"https:\/\/dolphinshowphuket.com\/es\/politica-de-privacidad\/","title":{"rendered":"pol\u00edtica de privacidad"},"content":{"rendered":"<div data-elementor-type=\"wp-page\" data-elementor-id=\"3\" class=\"elementor elementor-3\" data-elementor-post-type=\"page\">\n\t\t\t\t\t\t<section data-particle_enable=\"false\" data-particle-mobile-disabled=\"false\" class=\"elementor-section elementor-top-section elementor-element elementor-element-dc0f9af elementor-section-boxed elementor-section-height-default elementor-section-height-default\" data-id=\"dc0f9af\" data-element_type=\"section\" data-e-type=\"section\">\n\t\t\t\t\t\t<div class=\"elementor-container elementor-column-gap-default\">\n\t\t\t\t\t<div class=\"elementor-column elementor-col-100 elementor-top-column elementor-element elementor-element-4ce1bb3\" data-id=\"4ce1bb3\" data-element_type=\"column\" data-e-type=\"column\">\n\t\t\t<div class=\"elementor-widget-wrap elementor-element-populated\">\n\t\t\t\t\t\t<div class=\"elementor-element elementor-element-feae045 elementor-widget elementor-widget-text-editor\" data-id=\"feae045\" data-element_type=\"widget\" data-e-type=\"widget\" data-widget_type=\"text-editor.default\">\n\t\t\t\t<div class=\"elementor-widget-container\">\n\t\t\t\t\t\t\t\t\t<h2 style=\"text-align: center;\"><span style=\"color: #000000;\">Pol\u00edtica de privacidad de Dolphin Show Phuket<\/span><\/h2><p><span style=\"color: #000000;\">En <a href=\"https:\/\/dolphinshowphuket.com\/es\/\"><strong>Espect\u00e1culo de delfines en Phuket<\/strong><\/a>, operado por <strong>Vacaciones en Triplyn<\/strong>Nos comprometemos a proteger la privacidad de nuestros clientes y visitantes del sitio web. Esta Pol\u00edtica de privacidad explica c\u00f3mo recopilamos, usamos y protegemos su informaci\u00f3n personal cuando visita nuestro sitio web. <a style=\"color: #000000;\" href=\"https:\/\/dolphinshowphuket.com\/es\/\" target=\"_new\" rel=\"noopener\">https:\/\/dolphinshowphuket.com<\/a>.<\/span><\/p><h3><span style=\"color: #000000;\">1. Informaci\u00f3n que recopilamos<\/span><\/h3><p><span style=\"color: #000000;\">Recopilamos varios tipos de datos para mejorar su experiencia y garantizar una prestaci\u00f3n fluida del servicio, incluidos:<\/span><\/p><ul><li><span style=\"color: #000000;\"><strong>Informaci\u00f3n personal<\/strong>:Esto incluye su nombre, direcci\u00f3n de correo electr\u00f3nico e informaci\u00f3n de contacto durante las reservas o consultas.<\/span><\/li><li><span style=\"color: #000000;\"><strong>Informaci\u00f3n de pago<\/strong>:Los procesadores seguros de terceros manejan todos los pagos, lo que garantiza transacciones seguras.<\/span><\/li><li><span style=\"color: #000000;\"><strong>Datos de uso del sitio web<\/strong>Utilizamos cookies para recopilar datos como direcciones IP, tipo de navegador y comportamiento del sitio para una experiencia de usuario optimizada.<\/span><\/li><\/ul><h3><span style=\"color: #000000;\">2. C\u00f3mo utilizamos su informaci\u00f3n<\/span><\/h3><p><span style=\"color: #000000;\">Sus datos personales se utilizan para:<\/span><\/p><ul><li><span style=\"color: #000000;\">Procesar reservas de billetes y prestar los servicios solicitados.<\/span><\/li><li><span style=\"color: #000000;\">Env\u00edo de confirmaciones de reservas y actualizaciones.<\/span><\/li><li><span style=\"color: #000000;\">Ofrecer soporte al cliente y responder consultas.<\/span><\/li><li><span style=\"color: #000000;\">Mejorar la funcionalidad del sitio web.<\/span><\/li><li><span style=\"color: #000000;\">Env\u00edo de ofertas promocionales y boletines informativos (si opta por ello).<\/span><\/li><\/ul><h3><span style=\"color: #000000;\">3. C\u00f3mo protegemos su informaci\u00f3n<\/span><\/h3><p><span style=\"color: #000000;\">En <strong>Espect\u00e1culo de delfines en Phuket<\/strong>Priorizamos la seguridad. Nuestro sitio web utiliza encriptaci\u00f3n SSL para proteger sus datos personales y de pago, e implementamos medidas de seguridad internas para salvaguardar sus datos del acceso no autorizado.<\/span><\/p><h3><span style=\"color: #000000;\">4. Compartir su informaci\u00f3n<\/span><\/h3><p><span style=\"color: #000000;\">No vendemos ni comercializamos su informaci\u00f3n personal. Podemos compartirla con socios de confianza, como procesadores de pagos o proveedores de servicios, para facilitar las reservas, todos los cuales cumplen con estrictos est\u00e1ndares de confidencialidad.<\/span><\/p><h3><span style=\"color: #000000;\">5. Sus derechos sobre los datos<\/span><\/h3><p><span style=\"color: #000000;\">Tienes derecho a:<\/span><\/p><ul><li><span style=\"color: #000000;\"><strong>Acceso<\/strong>:Solicitar acceso a los datos personales que tenemos.<\/span><\/li><li><span style=\"color: #000000;\"><strong>Correcci\u00f3n<\/strong>:Solicitar correcci\u00f3n de cualquier dato inexacto.<\/span><\/li><li><span style=\"color: #000000;\"><strong>Supresi\u00f3n<\/strong>:Solicitar la supresi\u00f3n de los datos personales que ya no sean necesarios.<\/span><\/li><li><span style=\"color: #000000;\"><strong>Exclusi\u00f3n voluntaria<\/strong>:Puede darse de baja de las comunicaciones promocionales en cualquier momento.<\/span><\/li><\/ul><p><span style=\"color: #000000;\">Para ejercer estos derechos, cont\u00e1ctenos en <strong><a style=\"color: #000000;\" href=\"mailto:contact@dolphinshowphuket.com\" rel=\"noopener\">contact@dolphinshowphuket.com<\/a><\/strong>.<\/span><\/p><h3><span style=\"color: #000000;\">6. Cookies<\/span><\/h3><p><span style=\"color: #000000;\">Utilizamos cookies para personalizar y mejorar su experiencia de navegaci\u00f3n. Puede administrar las preferencias de cookies a trav\u00e9s de la configuraci\u00f3n de su navegador, aunque esto puede afectar su experiencia en el sitio web.<\/span><\/p><h3><span style=\"color: #000000;\">7. Enlaces de terceros<\/span><\/h3><p><span style=\"color: #000000;\">Nuestro sitio web puede incluir enlaces a sitios externos, como pasarelas de pago o socios. No somos responsables de las pr\u00e1cticas de privacidad de estos sitios y le recomendamos que revise sus pol\u00edticas de privacidad antes de proporcionar informaci\u00f3n personal.<\/span><\/p><h3><span style=\"color: #000000;\">8. Cambios en nuestra Pol\u00edtica de Privacidad<\/span><\/h3><p><span style=\"color: #000000;\">Es posible que actualicemos esta pol\u00edtica peri\u00f3dicamente. Los cambios se publicar\u00e1n aqu\u00ed y recomendamos revisarla peri\u00f3dicamente para mantenerse informado sobre c\u00f3mo protegemos su informaci\u00f3n.<\/span><\/p><h3><span style=\"color: #000000;\">9. Cont\u00e1ctenos<\/span><\/h3><p><span style=\"color: #000000;\">Para consultas sobre esta pol\u00edtica de privacidad o el manejo de datos, comun\u00edquese con:<\/span><\/p><p><span style=\"color: #000000;\"><strong>nombre de empresa<\/strong>: <strong>Vacaciones en Triplyn<\/strong><\/span><br \/><span style=\"color: #000000;\"><strong>DIRECCI\u00d3N<\/strong>: A-54, zona industrial de Keshopur, Vikaspuri, Nueva Delhi 110018, India<\/span><br \/><span style=\"color: #000000;\"><strong>Correo electr\u00f3nico<\/strong>: <strong><a style=\"color: #000000;\" href=\"mailto:contact@dolphinshowphuket.com\" rel=\"noopener\">contact@dolphinshowphuket.com<\/a><\/strong><\/span><\/p><h3><span style=\"color: #000000;\">10. Consent<\/span><\/h3><p><span style=\"color: #000000;\">Al utilizar nuestro sitio web, usted acepta la recopilaci\u00f3n y el uso de su informaci\u00f3n personal tal como se describe en esta pol\u00edtica. Si no est\u00e1 de acuerdo, abst\u00e9ngase de utilizar nuestros servicios.<\/span><\/p><h3><span style=\"color: #000000;\">11. Cumplimiento legal<\/span><\/h3><p><span style=\"color: #000000;\">Cumplimos con todas las leyes de protecci\u00f3n de datos pertinentes, incluido el Reglamento General de Protecci\u00f3n de Datos (RGPD), lo que garantiza el respeto de sus derechos de privacidad. Cualquier disputa se abordar\u00e1 de acuerdo con los marcos legales aplicables.<\/span><\/p><h3><span style=\"color: #000000;\">12. Privacidad de los ni\u00f1os<\/span><\/h3><p><span style=\"color: #000000;\">No recopilamos deliberadamente datos personales de ni\u00f1os menores de 13 a\u00f1os. Si cree que hemos recopilado dicha informaci\u00f3n de forma involuntaria, comun\u00edquese con nosotros y la eliminaremos de inmediato.<\/span><\/p><h3><span style=\"color: #000000;\">13. Retenci\u00f3n de datos<\/span><\/h3><p><span style=\"color: #000000;\">Su informaci\u00f3n personal solo se conservar\u00e1 durante el tiempo necesario para cumplir con los fines descritos en esta pol\u00edtica, como procesar reservas y brindar atenci\u00f3n al cliente. Una vez que solicite la eliminaci\u00f3n, eliminaremos su informaci\u00f3n de forma segura.<\/span><\/p><p><span style=\"color: #000000;\">Seguimos comprometidos a proteger su privacidad durante toda su experiencia con <a href=\"https:\/\/dolphinshowphuket.com\/es\/\"><strong>Espect\u00e1culo de delfines en Phuket<\/strong><\/a>.<\/span><\/p>\t\t\t\t\t\t\t\t<\/div>\n\t\t\t\t<\/div>\n\t\t\t\t\t<\/div>\n\t\t<\/div>\n\t\t\t\t\t<\/div>\n\t\t<\/section>\n\t\t\t\t<\/div>","protected":false},"excerpt":{"rendered":"<p>Privacy Policy for Dolphin Show Phuket At Dolphin Show Phuket, operated by Triplyn Holidays, we are committed to safeguarding the privacy of our customers and website visitors. This Privacy Policy explains how we collect, use, and protect your personal information when you visit our website, https:\/\/dolphinshowphuket.com. 1. Information We Collect We collect various types of [&hellip;]<\/p>\n","protected":false},"author":1,"featured_media":0,"parent":0,"menu_order":0,"comment_status":"closed","ping_status":"open","template":"","meta":{"ocean_post_layout":"","ocean_both_sidebars_style":"","ocean_both_sidebars_content_width":0,"ocean_both_sidebars_sidebars_width":0,"ocean_sidebar":"","ocean_second_sidebar":"","ocean_disable_margins":"enable","ocean_add_body_class":"","ocean_shortcode_before_top_bar":"","ocean_shortcode_after_top_bar":"","ocean_shortcode_before_header":"","ocean_shortcode_after_header":"","ocean_has_shortcode":"","ocean_shortcode_after_title":"","ocean_shortcode_before_footer_widgets":"","ocean_shortcode_after_footer_widgets":"","ocean_shortcode_before_footer_bottom":"","ocean_shortcode_after_footer_bottom":"","ocean_display_top_bar":"default","ocean_display_header":"default","ocean_header_style":"","ocean_center_header_left_menu":"","ocean_custom_header_template":"","ocean_custom_logo":0,"ocean_custom_retina_logo":0,"ocean_custom_logo_max_width":0,"ocean_custom_logo_tablet_max_width":0,"ocean_custom_logo_mobile_max_width":0,"ocean_custom_logo_max_height":0,"ocean_custom_logo_tablet_max_height":0,"ocean_custom_logo_mobile_max_height":0,"ocean_header_custom_menu":"","ocean_menu_typo_font_family":"","ocean_menu_typo_font_subset":"","ocean_menu_typo_font_size":0,"ocean_menu_typo_font_size_tablet":0,"ocean_menu_typo_font_size_mobile":0,"ocean_menu_typo_font_size_unit":"px","ocean_menu_typo_font_weight":"","ocean_menu_typo_font_weight_tablet":"","ocean_menu_typo_font_weight_mobile":"","ocean_menu_typo_transform":"","ocean_menu_typo_transform_tablet":"","ocean_menu_typo_transform_mobile":"","ocean_menu_typo_line_height":0,"ocean_menu_typo_line_height_tablet":0,"ocean_menu_typo_line_height_mobile":0,"ocean_menu_typo_line_height_unit":"","ocean_menu_typo_spacing":0,"ocean_menu_typo_spacing_tablet":0,"ocean_menu_typo_spacing_mobile":0,"ocean_menu_typo_spacing_unit":"","ocean_menu_link_color":"","ocean_menu_link_color_hover":"","ocean_menu_link_color_active":"","ocean_menu_link_background":"","ocean_menu_link_hover_background":"","ocean_menu_link_active_background":"","ocean_menu_social_links_bg":"","ocean_menu_social_hover_links_bg":"","ocean_menu_social_links_color":"","ocean_menu_social_hover_links_color":"","ocean_disable_title":"default","ocean_disable_heading":"default","ocean_post_title":"","ocean_post_subheading":"","ocean_post_title_style":"","ocean_post_title_background_color":"","ocean_post_title_background":0,"ocean_post_title_bg_image_position":"","ocean_post_title_bg_image_attachment":"","ocean_post_title_bg_image_repeat":"","ocean_post_title_bg_image_size":"","ocean_post_title_height":0,"ocean_post_title_bg_overlay":0.5,"ocean_post_title_bg_overlay_color":"","ocean_disable_breadcrumbs":"default","ocean_breadcrumbs_color":"","ocean_breadcrumbs_separator_color":"","ocean_breadcrumbs_links_color":"","ocean_breadcrumbs_links_hover_color":"","ocean_display_footer_widgets":"default","ocean_display_footer_bottom":"default","ocean_custom_footer_template":"","footnotes":""},"class_list":["post-3","page","type-page","status-publish","hentry","entry","owp-thumbs-layout-horizontal","owp-btn-normal","owp-tabs-layout-horizontal","has-no-thumbnails","has-product-nav"],"yoast_head":"<!-- This site is optimized with the Yoast SEO plugin v27.4 - https:\/\/yoast.com\/product\/yoast-seo-wordpress\/ -->\n<title>Dolphin Show Phuket Privacy Policy - Your Data Protection<\/title>\n<meta name=\"description\" content=\"Read The Privacy Policy For Dolphin Show Phuket. Learn How Your Data Is Protected And Handled While Booking Tickets For Dolphins Bay Phuket.\" \/>\n<meta name=\"robots\" content=\"noindex, follow\" \/>\n<meta property=\"og:locale\" content=\"es_ES\" \/>\n<meta property=\"og:type\" content=\"article\" \/>\n<meta property=\"og:title\" content=\"Dolphin Show Phuket Privacy Policy - Your Data Protection\" \/>\n<meta property=\"og:description\" content=\"Read The Privacy Policy For Dolphin Show Phuket. Learn How Your Data Is Protected And Handled While Booking Tickets For Dolphins Bay Phuket.\" \/>\n<meta property=\"og:url\" content=\"https:\/\/dolphinshowphuket.com\/es\/politica-de-privacidad\/\" \/>\n<meta property=\"og:site_name\" content=\"Dolphin Show Phuket\" \/>\n<meta property=\"article:modified_time\" content=\"2024-10-24T20:42:51+00:00\" \/>\n<meta name=\"twitter:card\" content=\"summary_large_image\" \/>\n<meta name=\"twitter:label1\" content=\"Tiempo de lectura\" \/>\n\t<meta name=\"twitter:data1\" content=\"3 minutos\" \/>\n<script type=\"application\/ld+json\" class=\"yoast-schema-graph\">{\"@context\":\"https:\\\/\\\/schema.org\",\"@graph\":[{\"@type\":\"WebPage\",\"@id\":\"https:\\\/\\\/dolphinshowphuket.com\\\/privacy-policy\\\/\",\"url\":\"https:\\\/\\\/dolphinshowphuket.com\\\/privacy-policy\\\/\",\"name\":\"Dolphin Show Phuket Privacy Policy - Your Data Protection\",\"isPartOf\":{\"@id\":\"https:\\\/\\\/dolphinshowphuket.com\\\/#website\"},\"datePublished\":\"2024-08-27T12:39:40+00:00\",\"dateModified\":\"2024-10-24T20:42:51+00:00\",\"description\":\"Read The Privacy Policy For Dolphin Show Phuket. Learn How Your Data Is Protected And Handled While Booking Tickets For Dolphins Bay Phuket.\",\"breadcrumb\":{\"@id\":\"https:\\\/\\\/dolphinshowphuket.com\\\/privacy-policy\\\/#breadcrumb\"},\"inLanguage\":\"es\",\"potentialAction\":[{\"@type\":\"ReadAction\",\"target\":[\"https:\\\/\\\/dolphinshowphuket.com\\\/privacy-policy\\\/\"]}]},{\"@type\":\"BreadcrumbList\",\"@id\":\"https:\\\/\\\/dolphinshowphuket.com\\\/privacy-policy\\\/#breadcrumb\",\"itemListElement\":[{\"@type\":\"ListItem\",\"position\":1,\"name\":\"Home\",\"item\":\"https:\\\/\\\/dolphinshowphuket.com\\\/\"},{\"@type\":\"ListItem\",\"position\":2,\"name\":\"Privacy Policy\"}]},{\"@type\":\"WebSite\",\"@id\":\"https:\\\/\\\/dolphinshowphuket.com\\\/#website\",\"url\":\"https:\\\/\\\/dolphinshowphuket.com\\\/\",\"name\":\"Dolphin Show Phuket\",\"description\":\"\",\"publisher\":{\"@id\":\"https:\\\/\\\/dolphinshowphuket.com\\\/#organization\"},\"potentialAction\":[{\"@type\":\"SearchAction\",\"target\":{\"@type\":\"EntryPoint\",\"urlTemplate\":\"https:\\\/\\\/dolphinshowphuket.com\\\/?s={search_term_string}\"},\"query-input\":{\"@type\":\"PropertyValueSpecification\",\"valueRequired\":true,\"valueName\":\"search_term_string\"}}],\"inLanguage\":\"es\"},{\"@type\":\"Organization\",\"@id\":\"https:\\\/\\\/dolphinshowphuket.com\\\/#organization\",\"name\":\"Dolphin Show Phuket\",\"url\":\"https:\\\/\\\/dolphinshowphuket.com\\\/\",\"logo\":{\"@type\":\"ImageObject\",\"inLanguage\":\"es\",\"@id\":\"https:\\\/\\\/dolphinshowphuket.com\\\/#\\\/schema\\\/logo\\\/image\\\/\",\"url\":\"https:\\\/\\\/dolphinshowphuket.com\\\/wp-content\\\/uploads\\\/2024\\\/08\\\/Dophin-Show-Phuket.png\",\"contentUrl\":\"https:\\\/\\\/dolphinshowphuket.com\\\/wp-content\\\/uploads\\\/2024\\\/08\\\/Dophin-Show-Phuket.png\",\"width\":350,\"height\":100,\"caption\":\"Dolphin Show Phuket\"},\"image\":{\"@id\":\"https:\\\/\\\/dolphinshowphuket.com\\\/#\\\/schema\\\/logo\\\/image\\\/\"}}]}<\/script>\n<!-- \/ Yoast SEO plugin. -->","yoast_head_json":{"title":"Pol\u00edtica de privacidad de Dolphin Show Phuket: su protecci\u00f3n de datos","description":"Lea la pol\u00edtica de privacidad de Dolphin Show Phuket. Descubra c\u00f3mo se protegen y manejan sus datos al reservar entradas para Dolphins Bay Phuket.","robots":{"index":"noindex","follow":"follow"},"og_locale":"es_ES","og_type":"article","og_title":"Dolphin Show Phuket Privacy Policy - Your Data Protection","og_description":"Read The Privacy Policy For Dolphin Show Phuket. Learn How Your Data Is Protected And Handled While Booking Tickets For Dolphins Bay Phuket.","og_url":"https:\/\/dolphinshowphuket.com\/es\/politica-de-privacidad\/","og_site_name":"Dolphin Show Phuket","article_modified_time":"2024-10-24T20:42:51+00:00","twitter_card":"summary_large_image","twitter_misc":{"Tiempo de lectura":"3 minutos"},"schema":{"@context":"https:\/\/schema.org","@graph":[{"@type":"WebPage","@id":"https:\/\/dolphinshowphuket.com\/privacy-policy\/","url":"https:\/\/dolphinshowphuket.com\/privacy-policy\/","name":"Pol\u00edtica de privacidad de Dolphin Show Phuket: su protecci\u00f3n de datos","isPartOf":{"@id":"https:\/\/dolphinshowphuket.com\/#website"},"datePublished":"2024-08-27T12:39:40+00:00","dateModified":"2024-10-24T20:42:51+00:00","description":"Lea la pol\u00edtica de privacidad de Dolphin Show Phuket. Descubra c\u00f3mo se protegen y manejan sus datos al reservar entradas para Dolphins Bay Phuket.","breadcrumb":{"@id":"https:\/\/dolphinshowphuket.com\/privacy-policy\/#breadcrumb"},"inLanguage":"es","potentialAction":[{"@type":"ReadAction","target":["https:\/\/dolphinshowphuket.com\/privacy-policy\/"]}]},{"@type":"BreadcrumbList","@id":"https:\/\/dolphinshowphuket.com\/privacy-policy\/#breadcrumb","itemListElement":[{"@type":"ListItem","position":1,"name":"Home","item":"https:\/\/dolphinshowphuket.com\/"},{"@type":"ListItem","position":2,"name":"Privacy Policy"}]},{"@type":"WebSite","@id":"https:\/\/dolphinshowphuket.com\/#website","url":"https:\/\/dolphinshowphuket.com\/","name":"Espect\u00e1culo de delfines en Phuket","description":"","publisher":{"@id":"https:\/\/dolphinshowphuket.com\/#organization"},"potentialAction":[{"@type":"SearchAction","target":{"@type":"EntryPoint","urlTemplate":"https:\/\/dolphinshowphuket.com\/?s={search_term_string}"},"query-input":{"@type":"PropertyValueSpecification","valueRequired":true,"valueName":"search_term_string"}}],"inLanguage":"es"},{"@type":"Organization","@id":"https:\/\/dolphinshowphuket.com\/#organization","name":"Espect\u00e1culo de delfines en Phuket","url":"https:\/\/dolphinshowphuket.com\/","logo":{"@type":"ImageObject","inLanguage":"es","@id":"https:\/\/dolphinshowphuket.com\/#\/schema\/logo\/image\/","url":"https:\/\/dolphinshowphuket.com\/wp-content\/uploads\/2024\/08\/Dophin-Show-Phuket.png","contentUrl":"https:\/\/dolphinshowphuket.com\/wp-content\/uploads\/2024\/08\/Dophin-Show-Phuket.png","width":350,"height":100,"caption":"Dolphin Show Phuket"},"image":{"@id":"https:\/\/dolphinshowphuket.com\/#\/schema\/logo\/image\/"}}]}},"jetpack_sharing_enabled":true,"_links":{"self":[{"href":"https:\/\/dolphinshowphuket.com\/es\/wp-json\/wp\/v2\/pages\/3","targetHints":{"allow":["GET"]}}],"collection":[{"href":"https:\/\/dolphinshowphuket.com\/es\/wp-json\/wp\/v2\/pages"}],"about":[{"href":"https:\/\/dolphinshowphuket.com\/es\/wp-json\/wp\/v2\/types\/page"}],"author":[{"embeddable":true,"href":"https:\/\/dolphinshowphuket.com\/es\/wp-json\/wp\/v2\/users\/1"}],"replies":[{"embeddable":true,"href":"https:\/\/dolphinshowphuket.com\/es\/wp-json\/wp\/v2\/comments?post=3"}],"version-history":[{"count":18,"href":"https:\/\/dolphinshowphuket.com\/es\/wp-json\/wp\/v2\/pages\/3\/revisions"}],"predecessor-version":[{"id":2901,"href":"https:\/\/dolphinshowphuket.com\/es\/wp-json\/wp\/v2\/pages\/3\/revisions\/2901"}],"wp:attachment":[{"href":"https:\/\/dolphinshowphuket.com\/es\/wp-json\/wp\/v2\/media?parent=3"}],"curies":[{"name":"Gracias","href":"https:\/\/api.w.org\/{rel}","templated":true}]}}